{"id":6979,"date":"2021-09-16T14:14:04","date_gmt":"2021-09-16T12:14:04","guid":{"rendered":"http:\/\/46.4.84.82\/~proviwp\/?page_id=6979"},"modified":"2022-08-10T15:26:21","modified_gmt":"2022-08-10T13:26:21","slug":"vaerdier","status":"publish","type":"page","link":"https:\/\/provi.dk\/en\/om-provi\/vaerdier\/","title":{"rendered":"Values"},"content":{"rendered":"\t\t<div data-elementor-type=\"wp-page\" data-elementor-id=\"6979\" class=\"elementor elementor-6979\" data-elementor-post-type=\"page\">\n\t\t\t\t\t\t<section class=\"elementor-section elementor-top-section elementor-element elementor-element-4368a6a4 elementor-section-height-min-height elementor-section-items-top elementor-section-full_width banner-two elementor-section-height-default\" data-id=\"4368a6a4\" data-element_type=\"section\" data-e-type=\"section\" data-settings=\"{&quot;jet_parallax_layout_list&quot;:[{&quot;jet_parallax_layout_image&quot;:{&quot;url&quot;:&quot;&quot;,&quot;id&quot;:&quot;&quot;,&quot;size&quot;:&quot;&quot;},&quot;_id&quot;:&quot;d7abec2&quot;,&quot;jet_parallax_layout_image_tablet_extra&quot;:{&quot;url&quot;:&quot;&quot;,&quot;id&quot;:&quot;&quot;,&quot;size&quot;:&quot;&quot;},&quot;jet_parallax_layout_image_tablet&quot;:{&quot;url&quot;:&quot;&quot;,&quot;id&quot;:&quot;&quot;,&quot;size&quot;:&quot;&quot;},&quot;jet_parallax_layout_image_mobile&quot;:{&quot;url&quot;:&quot;&quot;,&quot;id&quot;:&quot;&quot;,&quot;size&quot;:&quot;&quot;},&quot;jet_parallax_layout_speed&quot;:{&quot;unit&quot;:&quot;%&quot;,&quot;size&quot;:50,&quot;sizes&quot;:[]},&quot;jet_parallax_layout_type&quot;:&quot;scroll&quot;,&quot;jet_parallax_layout_direction&quot;:&quot;1&quot;,&quot;jet_parallax_layout_fx_direction&quot;:null,&quot;jet_parallax_layout_z_index&quot;:&quot;&quot;,&quot;jet_parallax_layout_bg_x&quot;:50,&quot;jet_parallax_layout_bg_x_tablet_extra&quot;:&quot;&quot;,&quot;jet_parallax_layout_bg_x_tablet&quot;:&quot;&quot;,&quot;jet_parallax_layout_bg_x_mobile&quot;:&quot;&quot;,&quot;jet_parallax_layout_bg_y&quot;:50,&quot;jet_parallax_layout_bg_y_tablet_extra&quot;:&quot;&quot;,&quot;jet_parallax_layout_bg_y_tablet&quot;:&quot;&quot;,&quot;jet_parallax_layout_bg_y_mobile&quot;:&quot;&quot;,&quot;jet_parallax_layout_bg_size&quot;:&quot;auto&quot;,&quot;jet_parallax_layout_bg_size_tablet_extra&quot;:&quot;&quot;,&quot;jet_parallax_layout_bg_size_tablet&quot;:&quot;&quot;,&quot;jet_parallax_layout_bg_size_mobile&quot;:&quot;&quot;,&quot;jet_parallax_layout_animation_prop&quot;:&quot;transform&quot;,&quot;jet_parallax_layout_on&quot;:[&quot;desktop&quot;,&quot;tablet&quot;]}],&quot;background_background&quot;:&quot;classic&quot;}\">\n\t\t\t\t\t\t<div class=\"elementor-container elementor-column-gap-no\">\n\t\t\t\t\t<div class=\"elementor-column elementor-col-50 elementor-top-column elementor-element elementor-element-35dc0bcf left-content-box elementor-invisible\" data-id=\"35dc0bcf\" data-element_type=\"column\" data-e-type=\"column\" data-settings=\"{&quot;animation&quot;:&quot;fadeInUp&quot;}\">\n\t\t\t<div class=\"elementor-widget-wrap elementor-element-populated\">\n\t\t\t\t\t\t<div class=\"elementor-element elementor-element-67940d61 title-sub-txt elementor-invisible elementor-widget elementor-widget-text-editor\" data-id=\"67940d61\" data-element_type=\"widget\" data-e-type=\"widget\" data-settings=\"{&quot;_animation&quot;:&quot;fadeInUp&quot;,&quot;_animation_delay&quot;:100}\" data-widget_type=\"text-editor.default\">\n\t\t\t\t<div class=\"elementor-widget-container\">\n\t\t\t\t\t\t\t\t\t<p>Om Provi<\/p>\t\t\t\t\t\t\t\t<\/div>\n\t\t\t\t<\/div>\n\t\t\t\t<div class=\"elementor-element elementor-element-e282af elementor-invisible elementor-widget elementor-widget-heading\" data-id=\"e282af\" data-element_type=\"widget\" data-e-type=\"widget\" data-settings=\"{&quot;_animation&quot;:&quot;fadeInUp&quot;,&quot;_animation_delay&quot;:200}\" data-widget_type=\"heading.default\">\n\t\t\t\t<div class=\"elementor-widget-container\">\n\t\t\t\t\t<h1 class=\"elementor-heading-title elementor-size-default\">Provis v\u00e6rdier, vision og mission<\/h1>\t\t\t\t<\/div>\n\t\t\t\t<\/div>\n\t\t\t\t<div class=\"elementor-element elementor-element-2be94487 elementor-invisible elementor-widget elementor-widget-text-editor\" data-id=\"2be94487\" data-element_type=\"widget\" data-e-type=\"widget\" data-settings=\"{&quot;_animation&quot;:&quot;fadeInUp&quot;,&quot;_animation_delay&quot;:400}\" data-widget_type=\"text-editor.default\">\n\t\t\t\t<div class=\"elementor-widget-container\">\n\t\t\t\t\t\t\t\t\t<p>Den overordnede v\u00e6rdi i Provi er, at vi vil g\u00f8re en forskel med vort arbejde. Vi har mennesket i centrum, vi arbejder i teams og vi f\u00e5r det bedste frem i dig!<\/p><p>I Provi arbejder vi ud fra god konsulentskik med basis i DI\/Managementr\u00e5dgivernes etiske kodeks. Vi arbejder helhedsorienteret \u2013 og det betyder for dig, at vi tager udgangspunkt i dine behov.<\/p><p>Vi arbejder under tavshedspligt og persondataloven \u2013 s\u00e5 vores viden vil altid blive behandlet som fortrolige informationer.<\/p><h2>Vision<\/h2><p><strong>Provis vision er<\/strong>, at v\u00e6re et naturligt sted man retter henvendelse til, n\u00e5r mindre og mellemstore virksomheder skal have igangsat og gennemf\u00f8rt processer indenfor strategi- og ledelsesudvikling, teamtr\u00e6ning, kompetenceudvikling, iv\u00e6rks\u00e6tteri og gennemf\u00f8relse af EU-projekter.<\/p><p><strong>At v\u00e6re<\/strong>\u00a0et naturligt sted man retter henvendelse til, n\u00e5r man som virksomhed\u00a0har brug for st\u00f8rre synlighed indenfor generel markedsf\u00f8ring og \u00f8get anvendelse af de digitale og sociale medier.<\/p><p><b>At v\u00e6re\u00a0<\/b>et naturligt sted man retter henvendelse til, n\u00e5r borgere p\u00e5 offentlig fors\u00f8rgelse skal st\u00f8ttes i processen mod ordin\u00e6re jobs eller p\u00e5 vejen t\u00e6ttere mod det ordin\u00e6re arbejdsmarked, og man i denne proces vil t\u00e6nke p\u00e5 Provi som en \u00e6rlig, ordentlig og trov\u00e6rdig virksomhed, der har kvalitet og effekt i vores ydelser.<\/p><p><strong>Provis vision er<\/strong>, at v\u00e6re en attraktiv, skabende og l\u00e6rende arbejdsplads for vore medarbejdere.<\/p><h2>Mission<\/h2><p><strong>Provis mission er<\/strong>, at hj\u00e6lpe mindre og mellemstore virksomheder med at professionalisere deres ledelsesrolle til gl\u00e6de for virksomheden, medarbejderne og ejerne, s\u00e5 vore kunder n\u00e5r nye m\u00e5l. Vi g\u00f8r det muligt for vore kunder at arbejde med procesorienteret v\u00e6rdibaseret ledelse &#8211; som vi tror, er n\u00f8dvendigt for den fremtidsorienterede virksomhed.<\/p><p><strong>Provis mission er<\/strong>, at sikre at personer udenfor arbejdsmarkedet f\u00e5r set muligheder i det fremtidige arbejdsmarked &#8211; og via vore processer f\u00e5r fodf\u00e6ste i ordin\u00e6re jobs indenfor hver deres kompetenceomr\u00e5de.<\/p><p><strong>Provis mission er<\/strong>, at hj\u00e6lpe vore kunder med at sikre den n\u00f8dvendige og kvalificerede arbejdskraft \u2013 ved at hj\u00e6lpe ved rekruttering, kompetenceudvikling eller outplacement ved \u00e6ndrede behov.<\/p><p><strong>Provis mission er<\/strong>, at sikre at vore kunder f\u00e5r tilstr\u00e6kkelige kompetencer i v\u00e6rkt\u00f8jskassen til at sikre virksomhedens digitalisering af markedsf\u00f8ringen &#8211; en n\u00f8dvendighed for den fremtidsorienterede virksomhed.\u00a0<\/p>\t\t\t\t\t\t\t\t<\/div>\n\t\t\t\t<\/div>\n\t\t\t\t\t<\/div>\n\t\t<\/div>\n\t\t\t\t<div class=\"elementor-column elementor-col-50 elementor-top-column elementor-element elementor-element-20327925\" data-id=\"20327925\" data-element_type=\"column\" data-e-type=\"column\">\n\t\t\t<div class=\"elementor-widget-wrap elementor-element-populated\">\n\t\t\t\t\t\t<div class=\"elementor-element elementor-element-5a2b5c31 elementor-invisible elementor-widget elementor-widget-image\" data-id=\"5a2b5c31\" data-element_type=\"widget\" data-e-type=\"widget\" data-settings=\"{&quot;_animation&quot;:&quot;fadeInRight&quot;}\" data-widget_type=\"image.default\">\n\t\t\t\t<div class=\"elementor-widget-container\">\n\t\t\t\t\t\t\t\t\t\t\t\t\t\t\t<img fetchpriority=\"high\" decoding=\"async\" width=\"951\" height=\"1000\" src=\"https:\/\/provi.dk\/wp-content\/uploads\/2021\/07\/flex_vordingborg.jpg\" class=\"attachment-full size-full wp-image-3453\" alt=\"Billede af konsulent der sidder ved sin computer klar til at r\u00e5dgive kursister.\" srcset=\"https:\/\/provi.dk\/wp-content\/uploads\/2021\/07\/flex_vordingborg.jpg 951w, https:\/\/provi.dk\/wp-content\/uploads\/2021\/07\/flex_vordingborg-285x300.jpg 285w, https:\/\/provi.dk\/wp-content\/uploads\/2021\/07\/flex_vordingborg-768x808.jpg 768w\" sizes=\"(max-width: 951px) 100vw, 951px\" \/>\t\t\t\t\t\t\t\t\t\t\t\t\t\t\t<\/div>\n\t\t\t\t<\/div>\n\t\t\t\t\t<\/div>\n\t\t<\/div>\n\t\t\t\t\t<\/div>\n\t\t<\/section>\n\t\t\t\t<\/div>\n\t\t","protected":false},"excerpt":{"rendered":"<p>Om Provi Provis v\u00e6rdier, vision og mission Den overordnede v\u00e6rdi i Provi er, at vi vil g\u00f8re en forskel med vort arbejde. Vi har mennesket i centrum, vi arbejder i teams og vi f\u00e5r det bedste frem i dig! I Provi arbejder vi ud fra god konsulentskik med basis i DI\/Managementr\u00e5dgivernes etiske kodeks. Vi arbejder &#8230; <a title=\"Values\" class=\"read-more\" href=\"https:\/\/provi.dk\/en\/om-provi\/vaerdier\/\" aria-label=\"Read more about V\u00e6rdier\">Read more<\/a><\/p>","protected":false},"author":1,"featured_media":0,"parent":202,"menu_order":0,"comment_status":"closed","ping_status":"closed","template":"elementor_header_footer","meta":{"footnotes":""},"class_list":["post-6979","page","type-page","status-publish"],"yoast_head":"<!-- This site is optimized with the Yoast SEO plugin v27.2 - https:\/\/yoast.com\/product\/yoast-seo-wordpress\/ -->\n<title>Om vores v\u00e6rdier - Provi<\/title>\n<meta name=\"description\" content=\"Provis overordnede v\u00e6rdi er, at vi vil g\u00f8re en forskel med vort arbejde. Vi har mennesket i centrum og pr\u00f8ver at f\u00e5 det bedste frem i dem.\" \/>\n<meta name=\"robots\" content=\"index, follow, max-snippet:-1, max-image-preview:large, max-video-preview:-1\" \/>\n<link rel=\"canonical\" href=\"https:\/\/provi.dk\/en\/om-provi\/vaerdier\/\" \/>\n<meta property=\"og:locale\" content=\"en_US\" \/>\n<meta property=\"og:type\" content=\"article\" \/>\n<meta property=\"og:title\" content=\"Om vores v\u00e6rdier - Provi\" \/>\n<meta property=\"og:description\" content=\"Provis overordnede v\u00e6rdi er, at vi vil g\u00f8re en forskel med vort arbejde. Vi har mennesket i centrum og pr\u00f8ver at f\u00e5 det bedste frem i dem.\" \/>\n<meta property=\"og:url\" content=\"https:\/\/provi.dk\/en\/om-provi\/vaerdier\/\" \/>\n<meta property=\"og:site_name\" content=\"Provi\" \/>\n<meta property=\"article:publisher\" content=\"https:\/\/www.facebook.com\/Provi.dk\/\" \/>\n<meta property=\"article:modified_time\" content=\"2022-08-10T13:26:21+00:00\" \/>\n<meta property=\"og:image\" content=\"https:\/\/provi.dk\/wp-content\/uploads\/2021\/07\/flex_vordingborg.jpg\" \/>\n<meta name=\"twitter:card\" content=\"summary_large_image\" \/>\n<meta name=\"twitter:label1\" content=\"Est. reading time\" \/>\n\t<meta name=\"twitter:data1\" content=\"2 minutes\" \/>\n<script type=\"application\/ld+json\" class=\"yoast-schema-graph\">{\"@context\":\"https:\/\/schema.org\",\"@graph\":[{\"@type\":\"WebPage\",\"@id\":\"https:\/\/provi.dk\/om-provi\/vaerdier\/\",\"url\":\"https:\/\/provi.dk\/om-provi\/vaerdier\/\",\"name\":\"Om vores v\u00e6rdier - Provi\",\"isPartOf\":{\"@id\":\"https:\/\/provi.dk\/#website\"},\"primaryImageOfPage\":{\"@id\":\"https:\/\/provi.dk\/om-provi\/vaerdier\/#primaryimage\"},\"image\":{\"@id\":\"https:\/\/provi.dk\/om-provi\/vaerdier\/#primaryimage\"},\"thumbnailUrl\":\"https:\/\/provi.dk\/wp-content\/uploads\/2021\/07\/flex_vordingborg.jpg\",\"datePublished\":\"2021-09-16T12:14:04+00:00\",\"dateModified\":\"2022-08-10T13:26:21+00:00\",\"description\":\"Provis overordnede v\u00e6rdi er, at vi vil g\u00f8re en forskel med vort arbejde. Vi har mennesket i centrum og pr\u00f8ver at f\u00e5 det bedste frem i dem.\",\"breadcrumb\":{\"@id\":\"https:\/\/provi.dk\/om-provi\/vaerdier\/#breadcrumb\"},\"inLanguage\":\"en-US\",\"potentialAction\":[{\"@type\":\"ReadAction\",\"target\":[\"https:\/\/provi.dk\/om-provi\/vaerdier\/\"]}]},{\"@type\":\"ImageObject\",\"inLanguage\":\"en-US\",\"@id\":\"https:\/\/provi.dk\/om-provi\/vaerdier\/#primaryimage\",\"url\":\"https:\/\/provi.dk\/wp-content\/uploads\/2021\/07\/flex_vordingborg.jpg\",\"contentUrl\":\"https:\/\/provi.dk\/wp-content\/uploads\/2021\/07\/flex_vordingborg.jpg\"},{\"@type\":\"BreadcrumbList\",\"@id\":\"https:\/\/provi.dk\/om-provi\/vaerdier\/#breadcrumb\",\"itemListElement\":[{\"@type\":\"ListItem\",\"position\":1,\"name\":\"Hjem\",\"item\":\"https:\/\/provi.dk\/\"},{\"@type\":\"ListItem\",\"position\":2,\"name\":\"Om Provi.\",\"item\":\"https:\/\/provi.dk\/om-provi\/\"},{\"@type\":\"ListItem\",\"position\":3,\"name\":\"V\u00e6rdier\"}]},{\"@type\":\"WebSite\",\"@id\":\"https:\/\/provi.dk\/#website\",\"url\":\"https:\/\/provi.dk\/\",\"name\":\"Provi\",\"description\":\"Sammen kan vi mere\",\"publisher\":{\"@id\":\"https:\/\/provi.dk\/#organization\"},\"potentialAction\":[{\"@type\":\"SearchAction\",\"target\":{\"@type\":\"EntryPoint\",\"urlTemplate\":\"https:\/\/provi.dk\/?s={search_term_string}\"},\"query-input\":{\"@type\":\"PropertyValueSpecification\",\"valueRequired\":true,\"valueName\":\"search_term_string\"}}],\"inLanguage\":\"en-US\"},{\"@type\":\"Organization\",\"@id\":\"https:\/\/provi.dk\/#organization\",\"name\":\"Provi ApS\",\"url\":\"https:\/\/provi.dk\/\",\"logo\":{\"@type\":\"ImageObject\",\"inLanguage\":\"en-US\",\"@id\":\"https:\/\/provi.dk\/#\/schema\/logo\/image\/\",\"url\":\"https:\/\/provi.dk\/wp-content\/uploads\/2023\/04\/Provi_logo_facebook-e1681288362905.png\",\"contentUrl\":\"https:\/\/provi.dk\/wp-content\/uploads\/2023\/04\/Provi_logo_facebook-e1681288362905.png\",\"width\":492,\"height\":249,\"caption\":\"Provi ApS\"},\"image\":{\"@id\":\"https:\/\/provi.dk\/#\/schema\/logo\/image\/\"},\"sameAs\":[\"https:\/\/www.facebook.com\/Provi.dk\/\",\"https:\/\/www.instagram.com\/provi.dk\/\",\"https:\/\/www.linkedin.com\/company\/provi-aps\/\",\"https:\/\/www.youtube.com\/channel\/UCAPPSj648phR5x5houRupJQ\"]}]}<\/script>\n<!-- \/ Yoast SEO plugin. -->","yoast_head_json":{"title":"Om vores v\u00e6rdier - Provi","description":"Provis overordnede v\u00e6rdi er, at vi vil g\u00f8re en forskel med vort arbejde. Vi har mennesket i centrum og pr\u00f8ver at f\u00e5 det bedste frem i dem.","robots":{"index":"index","follow":"follow","max-snippet":"max-snippet:-1","max-image-preview":"max-image-preview:large","max-video-preview":"max-video-preview:-1"},"canonical":"https:\/\/provi.dk\/en\/om-provi\/vaerdier\/","og_locale":"en_US","og_type":"article","og_title":"Om vores v\u00e6rdier - Provi","og_description":"Provis overordnede v\u00e6rdi er, at vi vil g\u00f8re en forskel med vort arbejde. Vi har mennesket i centrum og pr\u00f8ver at f\u00e5 det bedste frem i dem.","og_url":"https:\/\/provi.dk\/en\/om-provi\/vaerdier\/","og_site_name":"Provi","article_publisher":"https:\/\/www.facebook.com\/Provi.dk\/","article_modified_time":"2022-08-10T13:26:21+00:00","og_image":[{"url":"https:\/\/provi.dk\/wp-content\/uploads\/2021\/07\/flex_vordingborg.jpg","type":"","width":"","height":""}],"twitter_card":"summary_large_image","twitter_misc":{"Est. reading time":"2 minutes"},"schema":{"@context":"https:\/\/schema.org","@graph":[{"@type":"WebPage","@id":"https:\/\/provi.dk\/om-provi\/vaerdier\/","url":"https:\/\/provi.dk\/om-provi\/vaerdier\/","name":"Om vores v\u00e6rdier - Provi","isPartOf":{"@id":"https:\/\/provi.dk\/#website"},"primaryImageOfPage":{"@id":"https:\/\/provi.dk\/om-provi\/vaerdier\/#primaryimage"},"image":{"@id":"https:\/\/provi.dk\/om-provi\/vaerdier\/#primaryimage"},"thumbnailUrl":"https:\/\/provi.dk\/wp-content\/uploads\/2021\/07\/flex_vordingborg.jpg","datePublished":"2021-09-16T12:14:04+00:00","dateModified":"2022-08-10T13:26:21+00:00","description":"Provis overordnede v\u00e6rdi er, at vi vil g\u00f8re en forskel med vort arbejde. Vi har mennesket i centrum og pr\u00f8ver at f\u00e5 det bedste frem i dem.","breadcrumb":{"@id":"https:\/\/provi.dk\/om-provi\/vaerdier\/#breadcrumb"},"inLanguage":"en-US","potentialAction":[{"@type":"ReadAction","target":["https:\/\/provi.dk\/om-provi\/vaerdier\/"]}]},{"@type":"ImageObject","inLanguage":"en-US","@id":"https:\/\/provi.dk\/om-provi\/vaerdier\/#primaryimage","url":"https:\/\/provi.dk\/wp-content\/uploads\/2021\/07\/flex_vordingborg.jpg","contentUrl":"https:\/\/provi.dk\/wp-content\/uploads\/2021\/07\/flex_vordingborg.jpg"},{"@type":"BreadcrumbList","@id":"https:\/\/provi.dk\/om-provi\/vaerdier\/#breadcrumb","itemListElement":[{"@type":"ListItem","position":1,"name":"Hjem","item":"https:\/\/provi.dk\/"},{"@type":"ListItem","position":2,"name":"Om Provi.","item":"https:\/\/provi.dk\/om-provi\/"},{"@type":"ListItem","position":3,"name":"V\u00e6rdier"}]},{"@type":"WebSite","@id":"https:\/\/provi.dk\/#website","url":"https:\/\/provi.dk\/","name":"Provi","description":"Together We Can Do More.","publisher":{"@id":"https:\/\/provi.dk\/#organization"},"potentialAction":[{"@type":"SearchAction","target":{"@type":"EntryPoint","urlTemplate":"https:\/\/provi.dk\/?s={search_term_string}"},"query-input":{"@type":"PropertyValueSpecification","valueRequired":true,"valueName":"search_term_string"}}],"inLanguage":"en-US"},{"@type":"Organization","@id":"https:\/\/provi.dk\/#organization","name":"Provi ApS","url":"https:\/\/provi.dk\/","logo":{"@type":"ImageObject","inLanguage":"en-US","@id":"https:\/\/provi.dk\/#\/schema\/logo\/image\/","url":"https:\/\/provi.dk\/wp-content\/uploads\/2023\/04\/Provi_logo_facebook-e1681288362905.png","contentUrl":"https:\/\/provi.dk\/wp-content\/uploads\/2023\/04\/Provi_logo_facebook-e1681288362905.png","width":492,"height":249,"caption":"Provi ApS"},"image":{"@id":"https:\/\/provi.dk\/#\/schema\/logo\/image\/"},"sameAs":["https:\/\/www.facebook.com\/Provi.dk\/","https:\/\/www.instagram.com\/provi.dk\/","https:\/\/www.linkedin.com\/company\/provi-aps\/","https:\/\/www.youtube.com\/channel\/UCAPPSj648phR5x5houRupJQ"]}]}},"_links":{"self":[{"href":"https:\/\/provi.dk\/en\/wp-json\/wp\/v2\/pages\/6979","targetHints":{"allow":["GET"]}}],"collection":[{"href":"https:\/\/provi.dk\/en\/wp-json\/wp\/v2\/pages"}],"about":[{"href":"https:\/\/provi.dk\/en\/wp-json\/wp\/v2\/types\/page"}],"author":[{"embeddable":true,"href":"https:\/\/provi.dk\/en\/wp-json\/wp\/v2\/users\/1"}],"replies":[{"embeddable":true,"href":"https:\/\/provi.dk\/en\/wp-json\/wp\/v2\/comments?post=6979"}],"version-history":[{"count":5,"href":"https:\/\/provi.dk\/en\/wp-json\/wp\/v2\/pages\/6979\/revisions"}],"predecessor-version":[{"id":12662,"href":"https:\/\/provi.dk\/en\/wp-json\/wp\/v2\/pages\/6979\/revisions\/12662"}],"up":[{"embeddable":true,"href":"https:\/\/provi.dk\/en\/wp-json\/wp\/v2\/pages\/202"}],"wp:attachment":[{"href":"https:\/\/provi.dk\/en\/wp-json\/wp\/v2\/media?parent=6979"}],"curies":[{"name":"wp","href":"https:\/\/api.w.org\/{rel}","templated":true}]}}