{"id":31,"date":"2021-07-06T09:23:33","date_gmt":"2021-07-06T09:23:33","guid":{"rendered":"http:\/\/46.4.84.82\/~proviwp\/?page_id=31"},"modified":"2026-01-02T09:35:22","modified_gmt":"2026-01-02T08:35:22","slug":"forside","status":"publish","type":"page","link":"https:\/\/provi.dk\/en\/","title":{"rendered":"Home page"},"content":{"rendered":"\t\t<div data-elementor-type=\"wp-page\" data-elementor-id=\"31\" class=\"elementor elementor-31\" data-elementor-post-type=\"page\">\n\t\t\t\t<div class=\"elementor-element elementor-element-a614156 e-con-full e-flex e-con e-parent\" data-id=\"a614156\" data-element_type=\"container\" data-e-type=\"container\" data-settings=\"{&quot;jet_parallax_layout_list&quot;:[{&quot;jet_parallax_layout_image&quot;:{&quot;url&quot;:&quot;&quot;,&quot;id&quot;:&quot;&quot;,&quot;size&quot;:&quot;&quot;},&quot;_id&quot;:&quot;28356fd&quot;,&quot;jet_parallax_layout_image_tablet_extra&quot;:{&quot;url&quot;:&quot;&quot;,&quot;id&quot;:&quot;&quot;,&quot;size&quot;:&quot;&quot;},&quot;jet_parallax_layout_image_tablet&quot;:{&quot;url&quot;:&quot;&quot;,&quot;id&quot;:&quot;&quot;,&quot;size&quot;:&quot;&quot;},&quot;jet_parallax_layout_image_mobile&quot;:{&quot;url&quot;:&quot;&quot;,&quot;id&quot;:&quot;&quot;,&quot;size&quot;:&quot;&quot;},&quot;jet_parallax_layout_speed&quot;:{&quot;unit&quot;:&quot;%&quot;,&quot;size&quot;:50,&quot;sizes&quot;:[]},&quot;jet_parallax_layout_type&quot;:&quot;scroll&quot;,&quot;jet_parallax_layout_direction&quot;:&quot;1&quot;,&quot;jet_parallax_layout_fx_direction&quot;:null,&quot;jet_parallax_layout_z_index&quot;:&quot;&quot;,&quot;jet_parallax_layout_bg_x&quot;:50,&quot;jet_parallax_layout_bg_x_tablet_extra&quot;:&quot;&quot;,&quot;jet_parallax_layout_bg_x_tablet&quot;:&quot;&quot;,&quot;jet_parallax_layout_bg_x_mobile&quot;:&quot;&quot;,&quot;jet_parallax_layout_bg_y&quot;:50,&quot;jet_parallax_layout_bg_y_tablet_extra&quot;:&quot;&quot;,&quot;jet_parallax_layout_bg_y_tablet&quot;:&quot;&quot;,&quot;jet_parallax_layout_bg_y_mobile&quot;:&quot;&quot;,&quot;jet_parallax_layout_bg_size&quot;:&quot;auto&quot;,&quot;jet_parallax_layout_bg_size_tablet_extra&quot;:&quot;&quot;,&quot;jet_parallax_layout_bg_size_tablet&quot;:&quot;&quot;,&quot;jet_parallax_layout_bg_size_mobile&quot;:&quot;&quot;,&quot;jet_parallax_layout_animation_prop&quot;:&quot;transform&quot;,&quot;jet_parallax_layout_on&quot;:[&quot;desktop&quot;,&quot;tablet&quot;]}],&quot;background_background&quot;:&quot;classic&quot;}\">\n\t\t<div class=\"elementor-element elementor-element-c211944 e-con-full e-flex e-con e-child\" data-id=\"c211944\" data-element_type=\"container\" data-e-type=\"container\" data-settings=\"{&quot;jet_parallax_layout_list&quot;:[]}\">\n\t\t\t\t<div class=\"elementor-element elementor-element-2946049 provi-circled-image elementor-invisible elementor-widget elementor-widget-video\" data-id=\"2946049\" data-element_type=\"widget\" data-e-type=\"widget\" data-settings=\"{&quot;video_type&quot;:&quot;hosted&quot;,&quot;autoplay&quot;:&quot;yes&quot;,&quot;mute&quot;:&quot;yes&quot;,&quot;loop&quot;:&quot;yes&quot;,&quot;_animation&quot;:&quot;fadeInLeft&quot;,&quot;_animation_delay&quot;:100,&quot;play_on_mobile&quot;:&quot;yes&quot;}\" data-widget_type=\"video.default\">\n\t\t\t\t<div class=\"elementor-widget-container\">\n\t\t\t\t\t\t\t<div class=\"e-hosted-video elementor-wrapper elementor-open-inline\">\n\t\t\t\t\t<video class=\"elementor-video\" src=\"https:\/\/provi.dk\/wp-content\/uploads\/2021\/12\/Short-version-provi_1.2mbit.mp4\" autoplay=\"\" loop=\"\" muted=\"muted\" playsinline=\"\" controlsList=\"nodownload\"><\/video>\n\t\t\t\t<\/div>\n\t\t\t\t\t\t<\/div>\n\t\t\t\t<\/div>\n\t\t\t\t<\/div>\n\t\t<div class=\"elementor-element elementor-element-c623ac5 banner-nav-tab e-con-full e-flex e-con e-child\" data-id=\"c623ac5\" data-element_type=\"container\" data-e-type=\"container\" data-settings=\"{&quot;jet_parallax_layout_list&quot;:[]}\">\n\t\t\t\t<div class=\"elementor-element elementor-element-bc2804a animated-slow elementor-invisible elementor-widget elementor-widget-heading\" data-id=\"bc2804a\" data-element_type=\"widget\" data-e-type=\"widget\" id=\"titletext1\" data-settings=\"{&quot;_animation_delay&quot;:900,&quot;_animation&quot;:&quot;fadeIn&quot;}\" data-widget_type=\"heading.default\">\n\t\t\t\t<div class=\"elementor-widget-container\">\n\t\t\t\t\t<h2 class=\"elementor-heading-title elementor-size-default\"><a href=\"https:\/\/provi.dk\/en\/virksomhedsraadgivning\/\">Virksomhedsr\u00e5dgivning<\/a><\/h2>\t\t\t\t<\/div>\n\t\t\t\t<\/div>\n\t\t\t\t<div class=\"elementor-element elementor-element-68fa322 animated-slow elementor-invisible elementor-widget elementor-widget-heading\" data-id=\"68fa322\" data-element_type=\"widget\" data-e-type=\"widget\" id=\"titletext5\" data-settings=\"{&quot;_animation_delay&quot;:900,&quot;_animation&quot;:&quot;fadeIn&quot;}\" data-widget_type=\"heading.default\">\n\t\t\t\t<div class=\"elementor-widget-container\">\n\t\t\t\t\t<h2 class=\"elementor-heading-title elementor-size-default\"><a href=\"https:\/\/provi.dk\/en\/business-consulting\/\">Virksomhedsr\u00e5dgivning<\/a><\/h2>\t\t\t\t<\/div>\n\t\t\t\t<\/div>\n\t\t\t\t<div class=\"elementor-element elementor-element-88d81ab elementor-widget elementor-widget-text-editor\" data-id=\"88d81ab\" data-element_type=\"widget\" data-e-type=\"widget\" id=\"linktextid1\" data-settings=\"{&quot;_animation&quot;:&quot;none&quot;}\" data-widget_type=\"text-editor.default\">\n\t\t\t\t<div class=\"elementor-widget-container\">\n\t\t\t\t\t\t\t\t\t<a href=\"https:\/\/provi.dk\/virksomhedsraadgivning\/eu\/\">EU<\/a>. <a href=\"https:\/\/provi.dk\/virksomhedsraadgivning\/ejerskifte\/\">Ejerskifte<\/a>. <a href=\"https:\/\/provi.dk\/virksomhedsraadgivning\/sparring\/\">Ledelse.<\/a> <a href=\"https:\/\/provi.dk\/virksomhedsraadgivning\/hr\/\">HR &amp; GARUDA.<\/a>\t\t\t\t\t\t\t\t<\/div>\n\t\t\t\t<\/div>\n\t\t\t\t<div class=\"elementor-element elementor-element-1cf191f animated-slow elementor-invisible elementor-widget elementor-widget-heading\" data-id=\"1cf191f\" data-element_type=\"widget\" data-e-type=\"widget\" id=\"titletext2\" data-settings=\"{&quot;_animation_delay&quot;:1100,&quot;_animation&quot;:&quot;fadeIn&quot;}\" data-widget_type=\"heading.default\">\n\t\t\t\t<div class=\"elementor-widget-container\">\n\t\t\t\t\t<h2 class=\"elementor-heading-title elementor-size-default\"><a href=\"https:\/\/provi.dk\/en\/karriereraadgivning\/\">Employment<\/a><\/h2>\t\t\t\t<\/div>\n\t\t\t\t<\/div>\n\t\t\t\t<div class=\"elementor-element elementor-element-e0e568e animated-slow elementor-invisible elementor-widget elementor-widget-heading\" data-id=\"e0e568e\" data-element_type=\"widget\" data-e-type=\"widget\" id=\"titletext6\" data-settings=\"{&quot;_animation_delay&quot;:1100,&quot;_animation&quot;:&quot;fadeIn&quot;}\" data-widget_type=\"heading.default\">\n\t\t\t\t<div class=\"elementor-widget-container\">\n\t\t\t\t\t<h2 class=\"elementor-heading-title elementor-size-default\">Karrierer\u00e5dgivning<\/h2>\t\t\t\t<\/div>\n\t\t\t\t<\/div>\n\t\t\t\t<div class=\"elementor-element elementor-element-89914d6 animated-slow elementor-invisible elementor-widget elementor-widget-heading\" data-id=\"89914d6\" data-element_type=\"widget\" data-e-type=\"widget\" id=\"titletext3\" data-settings=\"{&quot;_animation_delay&quot;:1300,&quot;_animation&quot;:&quot;fadeIn&quot;}\" data-widget_type=\"heading.default\">\n\t\t\t\t<div class=\"elementor-widget-container\">\n\t\t\t\t\t<h2 class=\"elementor-heading-title elementor-size-default\"><a href=\"https:\/\/provi.dk\/en\/reklamebureau\/\">Reklamebureau<\/a><\/h2>\t\t\t\t<\/div>\n\t\t\t\t<\/div>\n\t\t\t\t<div class=\"elementor-element elementor-element-13816e8 elementor-widget elementor-widget-text-editor\" data-id=\"13816e8\" data-element_type=\"widget\" data-e-type=\"widget\" id=\"linktextid3\" data-settings=\"{&quot;_animation&quot;:&quot;none&quot;}\" data-widget_type=\"text-editor.default\">\n\t\t\t\t<div class=\"elementor-widget-container\">\n\t\t\t\t\t\t\t\t\t<p><a href=\"https:\/\/provi.dk\/reklamebureau\/hjemmeside\/\">Hjemmeside.<\/a> <a href=\"https:\/\/provi.dk\/reklamebureau\/webshop\/\">Webshop.<\/a> <a href=\"https:\/\/provi.dk\/reklamebureau\/markedsfoering\/\">Markedsf\u00f8ring.<\/a> <a href=\"https:\/\/provi.dk\/reklamebureau\/video\/\">Video.<\/a> <a href=\"https:\/\/provi.dk\/reklamebureau\/google-markedsfoering\/\">Google.<\/a><\/p>\t\t\t\t\t\t\t\t<\/div>\n\t\t\t\t<\/div>\n\t\t\t\t<div class=\"elementor-element elementor-element-202e4b7 animated-slow elementor-invisible elementor-widget elementor-widget-heading\" data-id=\"202e4b7\" data-element_type=\"widget\" data-e-type=\"widget\" id=\"titletext4\" data-settings=\"{&quot;_animation_delay&quot;:1300,&quot;_animation&quot;:&quot;fadeIn&quot;}\" data-widget_type=\"heading.default\">\n\t\t\t\t<div class=\"elementor-widget-container\">\n\t\t\t\t\t<h2 class=\"elementor-heading-title elementor-size-default\"><a href=\"https:\/\/provi.dk\/en\/reklamebureau\/\">Reklamebureau<\/a><\/h2>\t\t\t\t<\/div>\n\t\t\t\t<\/div>\n\t\t\t\t<div class=\"elementor-element elementor-element-071dd26 elementor-widget elementor-widget-text-editor\" data-id=\"071dd26\" data-element_type=\"widget\" data-e-type=\"widget\" id=\"linktextid4\" data-settings=\"{&quot;_animation&quot;:&quot;none&quot;}\" data-widget_type=\"text-editor.default\">\n\t\t\t\t<div class=\"elementor-widget-container\">\n\t\t\t\t\t\t\t\t\t<p><a href=\"https:\/\/provi.dk\/en\/reklamebureau\/hjemmeside\/\">Hjemmeside<\/a>. <a href=\"https:\/\/provi.dk\/en\/reklamebureau\/webshop\/\">Webshop<\/a>. <a href=\"https:\/\/provi.dk\/en\/reklamebureau\/markedsfoering\/\">Markedsf\u00f8ring<\/a>. <a href=\"https:\/\/provi.dk\/reklamebureau\/video\/\">Video.<\/a><\/p>\t\t\t\t\t\t\t\t<\/div>\n\t\t\t\t<\/div>\n\t\t\t\t<div class=\"elementor-element elementor-element-094b9a5 elementor-fixed elementor-hidden-desktop elementor-hidden-tablet_extra elementor-hidden-tablet elementor-hidden-mobile elementor-widget elementor-widget-image\" data-id=\"094b9a5\" data-element_type=\"widget\" data-e-type=\"widget\" data-settings=\"{&quot;_position&quot;:&quot;fixed&quot;}\" data-widget_type=\"image.default\">\n\t\t\t\t<div class=\"elementor-widget-container\">\n\t\t\t\t\t\t\t\t\t\t\t\t\t\t\t<img decoding=\"async\" src=\"https:\/\/provi.dk\/wp-content\/uploads\/elementor\/thumbs\/hjerte_provi-ph96h2ci44wihmffmsro3vw87rf2xia45l30kz1xyy.png\" title=\"hjerte_provi\" alt=\"hjerte_provi\" loading=\"lazy\" \/>\t\t\t\t\t\t\t\t\t\t\t\t\t\t\t<\/div>\n\t\t\t\t<\/div>\n\t\t\t\t<div class=\"elementor-element elementor-element-f32845f elementor-fixed elementor-hidden-desktop elementor-hidden-tablet_extra elementor-hidden-tablet elementor-hidden-mobile elementor-widget elementor-widget-image\" data-id=\"f32845f\" data-element_type=\"widget\" data-e-type=\"widget\" data-settings=\"{&quot;_position&quot;:&quot;fixed&quot;}\" data-widget_type=\"image.default\">\n\t\t\t\t<div class=\"elementor-widget-container\">\n\t\t\t\t\t\t\t\t\t\t\t\t\t\t\t<img decoding=\"async\" src=\"https:\/\/provi.dk\/wp-content\/uploads\/elementor\/thumbs\/hjerte2_provi-ph97t1zv1mlj8wpxejjyerxg1yvpx6srf45gnjwc3k.png\" title=\"hjerte2_provi\" alt=\"hjerte2_provi\" loading=\"lazy\" \/>\t\t\t\t\t\t\t\t\t\t\t\t\t\t\t<\/div>\n\t\t\t\t<\/div>\n\t\t\t\t<\/div>\n\t\t\t\t<\/div>\n\t\t<div class=\"elementor-element elementor-element-8d525ae e-flex e-con-boxed e-con e-parent\" data-id=\"8d525ae\" data-element_type=\"container\" data-e-type=\"container\" data-settings=\"{&quot;jet_parallax_layout_list&quot;:[],&quot;background_background&quot;:&quot;classic&quot;}\">\n\t\t\t\t\t<div class=\"e-con-inner\">\n\t\t<div class=\"elementor-element elementor-element-df2b5b4 e-con-full e-flex e-con e-child\" data-id=\"df2b5b4\" data-element_type=\"container\" data-e-type=\"container\" data-settings=\"{&quot;jet_parallax_layout_list&quot;:[]}\">\n\t\t\t\t<div class=\"elementor-element elementor-element-c0ea292 elementor-widget elementor-widget-text-editor\" data-id=\"c0ea292\" data-element_type=\"widget\" data-e-type=\"widget\" data-widget_type=\"text-editor.default\">\n\t\t\t\t<div class=\"elementor-widget-container\">\n\t\t\t\t\t\t\t\t\t<h1>Velkommen til Provi.dk<\/h1>\t\t\t\t\t\t\t\t<\/div>\n\t\t\t\t<\/div>\n\t\t\t\t<\/div>\n\t\t\t\t\t<\/div>\n\t\t\t\t<\/div>\n\t\t\t\t<\/div>\n\t\t","protected":false},"excerpt":{"rendered":"<p>https:\/\/provi.dk\/wp-content\/uploads\/2021\/12\/Short-version-provi_1.2mbit.mp4 Virksomhedsr\u00e5dgivning Virksomhedsr\u00e5dgivning EU. Ejerskifte. Ledelse. HR &amp; GARUDA. Employment Karrierer\u00e5dgivning Reklamebureau Hjemmeside. Webshop. Markedsf\u00f8ring. Video. Google. Reklamebureau Hjemmeside. Webshop. Markedsf\u00f8ring. Video. Velkommen til Provi.dk<\/p>","protected":false},"author":1,"featured_media":0,"parent":0,"menu_order":0,"comment_status":"closed","ping_status":"closed","template":"","meta":{"footnotes":""},"class_list":["post-31","page","type-page","status-publish"],"yoast_head":"<!-- This site is optimized with the Yoast SEO plugin v27.2 - https:\/\/yoast.com\/product\/yoast-seo-wordpress\/ -->\n<title>Forside - Provi - Sammen kan vi mere<\/title>\n<meta name=\"description\" content=\"Provi tilbyder konsulentarbejde inden for omr\u00e5derne: karrierer\u00e5dgivning, virksomhedsr\u00e5dgivning, reklame og marketing samt EU.\" \/>\n<meta name=\"robots\" content=\"index, follow, max-snippet:-1, max-image-preview:large, max-video-preview:-1\" \/>\n<link rel=\"canonical\" href=\"https:\/\/provi.dk\/en\/\" \/>\n<meta property=\"og:locale\" content=\"en_US\" \/>\n<meta property=\"og:type\" content=\"article\" \/>\n<meta property=\"og:title\" content=\"Forside - Provi - Sammen kan vi mere\" \/>\n<meta property=\"og:description\" content=\"Provi tilbyder konsulentarbejde inden for omr\u00e5derne: karrierer\u00e5dgivning, virksomhedsr\u00e5dgivning, reklame og marketing samt EU.\" \/>\n<meta property=\"og:url\" content=\"https:\/\/provi.dk\/en\/\" \/>\n<meta property=\"og:site_name\" content=\"Provi\" \/>\n<meta property=\"article:publisher\" content=\"https:\/\/www.facebook.com\/Provi.dk\/\" \/>\n<meta property=\"article:modified_time\" content=\"2026-01-02T08:35:22+00:00\" \/>\n<meta property=\"og:image\" content=\"https:\/\/provi.dk\/wp-content\/uploads\/2021\/11\/Provi-FN.png\" \/>\n\t<meta property=\"og:image:width\" content=\"1308\" \/>\n\t<meta property=\"og:image:height\" content=\"597\" \/>\n\t<meta property=\"og:image:type\" content=\"image\/png\" \/>\n<meta name=\"twitter:card\" content=\"summary_large_image\" \/>\n<meta name=\"twitter:label1\" content=\"Est. reading time\" \/>\n\t<meta name=\"twitter:data1\" content=\"1 minute\" \/>\n<script type=\"application\/ld+json\" class=\"yoast-schema-graph\">{\"@context\":\"https:\/\/schema.org\",\"@graph\":[{\"@type\":\"WebPage\",\"@id\":\"https:\/\/provi.dk\/\",\"url\":\"https:\/\/provi.dk\/\",\"name\":\"Forside - Provi - Sammen kan vi mere\",\"isPartOf\":{\"@id\":\"https:\/\/provi.dk\/#website\"},\"primaryImageOfPage\":{\"@id\":\"https:\/\/provi.dk\/#primaryimage\"},\"image\":{\"@id\":\"https:\/\/provi.dk\/#primaryimage\"},\"thumbnailUrl\":\"https:\/\/provi.dk\/wp-content\/uploads\/elementor\/thumbs\/hjerte_provi-ph96h2ci44wihmffmsro3vw87rf2xia45l30kz1xz8.png\",\"datePublished\":\"2021-07-06T09:23:33+00:00\",\"dateModified\":\"2026-01-02T08:35:22+00:00\",\"description\":\"Provi tilbyder konsulentarbejde inden for omr\u00e5derne: karrierer\u00e5dgivning, virksomhedsr\u00e5dgivning, reklame og marketing samt EU.\",\"breadcrumb\":{\"@id\":\"https:\/\/provi.dk\/#breadcrumb\"},\"inLanguage\":\"en-US\",\"potentialAction\":[{\"@type\":\"ReadAction\",\"target\":[\"https:\/\/provi.dk\/\"]}]},{\"@type\":\"ImageObject\",\"inLanguage\":\"en-US\",\"@id\":\"https:\/\/provi.dk\/#primaryimage\",\"url\":\"https:\/\/provi.dk\/wp-content\/uploads\/elementor\/thumbs\/hjerte_provi-ph96h2ci44wihmffmsro3vw87rf2xia45l30kz1xz8.png\",\"contentUrl\":\"https:\/\/provi.dk\/wp-content\/uploads\/elementor\/thumbs\/hjerte_provi-ph96h2ci44wihmffmsro3vw87rf2xia45l30kz1xz8.png\"},{\"@type\":\"BreadcrumbList\",\"@id\":\"https:\/\/provi.dk\/#breadcrumb\",\"itemListElement\":[{\"@type\":\"ListItem\",\"position\":1,\"name\":\"Hjem\",\"item\":\"https:\/\/provi.dk\/\"},{\"@type\":\"ListItem\",\"position\":2,\"name\":\"Forside\"}]},{\"@type\":\"WebSite\",\"@id\":\"https:\/\/provi.dk\/#website\",\"url\":\"https:\/\/provi.dk\/\",\"name\":\"Provi\",\"description\":\"Sammen kan vi mere\",\"publisher\":{\"@id\":\"https:\/\/provi.dk\/#organization\"},\"potentialAction\":[{\"@type\":\"SearchAction\",\"target\":{\"@type\":\"EntryPoint\",\"urlTemplate\":\"https:\/\/provi.dk\/?s={search_term_string}\"},\"query-input\":{\"@type\":\"PropertyValueSpecification\",\"valueRequired\":true,\"valueName\":\"search_term_string\"}}],\"inLanguage\":\"en-US\"},{\"@type\":\"Organization\",\"@id\":\"https:\/\/provi.dk\/#organization\",\"name\":\"Provi ApS\",\"url\":\"https:\/\/provi.dk\/\",\"logo\":{\"@type\":\"ImageObject\",\"inLanguage\":\"en-US\",\"@id\":\"https:\/\/provi.dk\/#\/schema\/logo\/image\/\",\"url\":\"https:\/\/provi.dk\/wp-content\/uploads\/2023\/04\/Provi_logo_facebook-e1681288362905.png\",\"contentUrl\":\"https:\/\/provi.dk\/wp-content\/uploads\/2023\/04\/Provi_logo_facebook-e1681288362905.png\",\"width\":492,\"height\":249,\"caption\":\"Provi ApS\"},\"image\":{\"@id\":\"https:\/\/provi.dk\/#\/schema\/logo\/image\/\"},\"sameAs\":[\"https:\/\/www.facebook.com\/Provi.dk\/\",\"https:\/\/www.instagram.com\/provi.dk\/\",\"https:\/\/www.linkedin.com\/company\/provi-aps\/\",\"https:\/\/www.youtube.com\/channel\/UCAPPSj648phR5x5houRupJQ\"]}]}<\/script>\n<!-- \/ Yoast SEO plugin. -->","yoast_head_json":{"title":"Forside - Provi - Sammen kan vi mere","description":"Provi offers consulting in the following areas: career counseling, business consulting, advertising and marketing, as well as EU projects.","robots":{"index":"index","follow":"follow","max-snippet":"max-snippet:-1","max-image-preview":"max-image-preview:large","max-video-preview":"max-video-preview:-1"},"canonical":"https:\/\/provi.dk\/en\/","og_locale":"en_US","og_type":"article","og_title":"Forside - Provi - Sammen kan vi mere","og_description":"Provi tilbyder konsulentarbejde inden for omr\u00e5derne: karrierer\u00e5dgivning, virksomhedsr\u00e5dgivning, reklame og marketing samt EU.","og_url":"https:\/\/provi.dk\/en\/","og_site_name":"Provi","article_publisher":"https:\/\/www.facebook.com\/Provi.dk\/","article_modified_time":"2026-01-02T08:35:22+00:00","og_image":[{"width":1308,"height":597,"url":"https:\/\/provi.dk\/wp-content\/uploads\/2021\/11\/Provi-FN.png","type":"image\/png"}],"twitter_card":"summary_large_image","twitter_misc":{"Est. reading time":"1 minute"},"schema":{"@context":"https:\/\/schema.org","@graph":[{"@type":"WebPage","@id":"https:\/\/provi.dk\/","url":"https:\/\/provi.dk\/","name":"Forside - Provi - Sammen kan vi mere","isPartOf":{"@id":"https:\/\/provi.dk\/#website"},"primaryImageOfPage":{"@id":"https:\/\/provi.dk\/#primaryimage"},"image":{"@id":"https:\/\/provi.dk\/#primaryimage"},"thumbnailUrl":"https:\/\/provi.dk\/wp-content\/uploads\/elementor\/thumbs\/hjerte_provi-ph96h2ci44wihmffmsro3vw87rf2xia45l30kz1xz8.png","datePublished":"2021-07-06T09:23:33+00:00","dateModified":"2026-01-02T08:35:22+00:00","description":"Provi offers consulting in the following areas: career counseling, business consulting, advertising and marketing, as well as EU projects.","breadcrumb":{"@id":"https:\/\/provi.dk\/#breadcrumb"},"inLanguage":"en-US","potentialAction":[{"@type":"ReadAction","target":["https:\/\/provi.dk\/"]}]},{"@type":"ImageObject","inLanguage":"en-US","@id":"https:\/\/provi.dk\/#primaryimage","url":"https:\/\/provi.dk\/wp-content\/uploads\/elementor\/thumbs\/hjerte_provi-ph96h2ci44wihmffmsro3vw87rf2xia45l30kz1xz8.png","contentUrl":"https:\/\/provi.dk\/wp-content\/uploads\/elementor\/thumbs\/hjerte_provi-ph96h2ci44wihmffmsro3vw87rf2xia45l30kz1xz8.png"},{"@type":"BreadcrumbList","@id":"https:\/\/provi.dk\/#breadcrumb","itemListElement":[{"@type":"ListItem","position":1,"name":"Hjem","item":"https:\/\/provi.dk\/"},{"@type":"ListItem","position":2,"name":"Forside"}]},{"@type":"WebSite","@id":"https:\/\/provi.dk\/#website","url":"https:\/\/provi.dk\/","name":"Provi","description":"Together We Can Do More.","publisher":{"@id":"https:\/\/provi.dk\/#organization"},"potentialAction":[{"@type":"SearchAction","target":{"@type":"EntryPoint","urlTemplate":"https:\/\/provi.dk\/?s={search_term_string}"},"query-input":{"@type":"PropertyValueSpecification","valueRequired":true,"valueName":"search_term_string"}}],"inLanguage":"en-US"},{"@type":"Organization","@id":"https:\/\/provi.dk\/#organization","name":"Provi ApS","url":"https:\/\/provi.dk\/","logo":{"@type":"ImageObject","inLanguage":"en-US","@id":"https:\/\/provi.dk\/#\/schema\/logo\/image\/","url":"https:\/\/provi.dk\/wp-content\/uploads\/2023\/04\/Provi_logo_facebook-e1681288362905.png","contentUrl":"https:\/\/provi.dk\/wp-content\/uploads\/2023\/04\/Provi_logo_facebook-e1681288362905.png","width":492,"height":249,"caption":"Provi ApS"},"image":{"@id":"https:\/\/provi.dk\/#\/schema\/logo\/image\/"},"sameAs":["https:\/\/www.facebook.com\/Provi.dk\/","https:\/\/www.instagram.com\/provi.dk\/","https:\/\/www.linkedin.com\/company\/provi-aps\/","https:\/\/www.youtube.com\/channel\/UCAPPSj648phR5x5houRupJQ"]}]}},"_links":{"self":[{"href":"https:\/\/provi.dk\/en\/wp-json\/wp\/v2\/pages\/31","targetHints":{"allow":["GET"]}}],"collection":[{"href":"https:\/\/provi.dk\/en\/wp-json\/wp\/v2\/pages"}],"about":[{"href":"https:\/\/provi.dk\/en\/wp-json\/wp\/v2\/types\/page"}],"author":[{"embeddable":true,"href":"https:\/\/provi.dk\/en\/wp-json\/wp\/v2\/users\/1"}],"replies":[{"embeddable":true,"href":"https:\/\/provi.dk\/en\/wp-json\/wp\/v2\/comments?post=31"}],"version-history":[{"count":62,"href":"https:\/\/provi.dk\/en\/wp-json\/wp\/v2\/pages\/31\/revisions"}],"predecessor-version":[{"id":15538,"href":"https:\/\/provi.dk\/en\/wp-json\/wp\/v2\/pages\/31\/revisions\/15538"}],"wp:attachment":[{"href":"https:\/\/provi.dk\/en\/wp-json\/wp\/v2\/media?parent=31"}],"curies":[{"name":"wp","href":"https:\/\/api.w.org\/{rel}","templated":true}]}}