{"id":200,"date":"2021-07-07T13:22:01","date_gmt":"2021-07-07T13:22:01","guid":{"rendered":"http:\/\/46.4.84.82\/~proviwp\/?page_id=200"},"modified":"2026-03-02T16:26:44","modified_gmt":"2026-03-02T15:26:44","slug":"kontorer","status":"publish","type":"page","link":"https:\/\/provi.dk\/en\/kontorer\/","title":{"rendered":"Kontorer."},"content":{"rendered":"\t\t<div data-elementor-type=\"wp-page\" data-elementor-id=\"200\" class=\"elementor elementor-200\" data-elementor-post-type=\"page\">\n\t\t\t\t\t\t<section class=\"elementor-section elementor-top-section elementor-element elementor-element-5c84dfc elementor-section-full_width download-brochure elementor-section-height-default elementor-section-height-default\" data-id=\"5c84dfc\" data-element_type=\"section\" data-e-type=\"section\" data-settings=\"{&quot;jet_parallax_layout_list&quot;:[{&quot;jet_parallax_layout_image&quot;:{&quot;url&quot;:&quot;&quot;,&quot;id&quot;:&quot;&quot;,&quot;size&quot;:&quot;&quot;},&quot;_id&quot;:&quot;7933a38&quot;,&quot;jet_parallax_layout_image_tablet_extra&quot;:{&quot;url&quot;:&quot;&quot;,&quot;id&quot;:&quot;&quot;,&quot;size&quot;:&quot;&quot;},&quot;jet_parallax_layout_image_tablet&quot;:{&quot;url&quot;:&quot;&quot;,&quot;id&quot;:&quot;&quot;,&quot;size&quot;:&quot;&quot;},&quot;jet_parallax_layout_image_mobile&quot;:{&quot;url&quot;:&quot;&quot;,&quot;id&quot;:&quot;&quot;,&quot;size&quot;:&quot;&quot;},&quot;jet_parallax_layout_speed&quot;:{&quot;unit&quot;:&quot;%&quot;,&quot;size&quot;:50,&quot;sizes&quot;:[]},&quot;jet_parallax_layout_type&quot;:&quot;scroll&quot;,&quot;jet_parallax_layout_direction&quot;:&quot;1&quot;,&quot;jet_parallax_layout_fx_direction&quot;:null,&quot;jet_parallax_layout_z_index&quot;:&quot;&quot;,&quot;jet_parallax_layout_bg_x&quot;:50,&quot;jet_parallax_layout_bg_x_tablet_extra&quot;:&quot;&quot;,&quot;jet_parallax_layout_bg_x_tablet&quot;:&quot;&quot;,&quot;jet_parallax_layout_bg_x_mobile&quot;:&quot;&quot;,&quot;jet_parallax_layout_bg_y&quot;:50,&quot;jet_parallax_layout_bg_y_tablet_extra&quot;:&quot;&quot;,&quot;jet_parallax_layout_bg_y_tablet&quot;:&quot;&quot;,&quot;jet_parallax_layout_bg_y_mobile&quot;:&quot;&quot;,&quot;jet_parallax_layout_bg_size&quot;:&quot;auto&quot;,&quot;jet_parallax_layout_bg_size_tablet_extra&quot;:&quot;&quot;,&quot;jet_parallax_layout_bg_size_tablet&quot;:&quot;&quot;,&quot;jet_parallax_layout_bg_size_mobile&quot;:&quot;&quot;,&quot;jet_parallax_layout_animation_prop&quot;:&quot;transform&quot;,&quot;jet_parallax_layout_on&quot;:[&quot;desktop&quot;,&quot;tablet&quot;]}],&quot;background_background&quot;:&quot;classic&quot;}\">\n\t\t\t\t\t\t<div class=\"elementor-container elementor-column-gap-default\">\n\t\t\t\t\t<div class=\"elementor-column elementor-col-100 elementor-top-column elementor-element elementor-element-436ace6\" data-id=\"436ace6\" data-element_type=\"column\" data-e-type=\"column\">\n\t\t\t<div class=\"elementor-widget-wrap elementor-element-populated\">\n\t\t\t\t\t\t<div class=\"elementor-element elementor-element-f49c67d elementor-widget elementor-widget-image\" data-id=\"f49c67d\" data-element_type=\"widget\" data-e-type=\"widget\" data-settings=\"{&quot;_animation&quot;:&quot;none&quot;}\" data-widget_type=\"image.default\">\n\t\t\t\t<div class=\"elementor-widget-container\">\n\t\t\t\t\t\t\t\t\t\t\t\t\t\t\t<img decoding=\"async\" width=\"93\" height=\"132\" src=\"https:\/\/provi.dk\/wp-content\/uploads\/2021\/07\/Path-57.svg\" class=\"attachment-full size-full wp-image-2047\" alt=\"\" \/>\t\t\t\t\t\t\t\t\t\t\t\t\t\t\t<\/div>\n\t\t\t\t<\/div>\n\t\t\t\t<div class=\"elementor-element elementor-element-f931ce9 elementor-widget elementor-widget-text-editor\" data-id=\"f931ce9\" data-element_type=\"widget\" data-e-type=\"widget\" data-settings=\"{&quot;_animation&quot;:&quot;none&quot;,&quot;_animation_delay&quot;:200}\" data-widget_type=\"text-editor.default\">\n\t\t\t\t<div class=\"elementor-widget-container\">\n\t\t\t\t\t\t\t\t\t<h1><span style=\"vertical-align: inherit;\"><span style=\"vertical-align: inherit;\">V\u00e6lg en kommune for at finde vej<\/span><\/span><\/h1>\t\t\t\t\t\t\t\t<\/div>\n\t\t\t\t<\/div>\n\t\t\t\t<div class=\"elementor-element elementor-element-f7977bf elementor-icon-list--layout-inline elementor-align-center elementor-list-item-link-full_width elementor-widget elementor-widget-icon-list\" data-id=\"f7977bf\" data-element_type=\"widget\" data-e-type=\"widget\" data-settings=\"{&quot;_animation&quot;:&quot;none&quot;,&quot;_animation_delay&quot;:400}\" data-widget_type=\"icon-list.default\">\n\t\t\t\t<div class=\"elementor-widget-container\">\n\t\t\t\t\t\t\t<ul class=\"elementor-icon-list-items elementor-inline-items\">\n\t\t\t\t\t\t\t<li class=\"elementor-icon-list-item elementor-inline-item\">\n\t\t\t\t\t\t\t\t\t\t\t<a href=\"\/kontorer\/guldborgsund\">\n\n\t\t\t\t\t\t\t\t\t\t\t\t<span class=\"elementor-icon-list-icon\">\n\t\t\t\t\t\t\t<svg xmlns=\"http:\/\/www.w3.org\/2000\/svg\" width=\"173.606\" height=\"159.339\" viewBox=\"0 0 173.606 159.339\"><defs><style>.a{fill:#fff;}<\/style><\/defs><path class=\"a\" d=\"M739.734,970.056a79.679,79.679,0,1,1,0-112.663c54.241,54.2,45.713,66.969,0,112.663\" transform=\"translate(-603.679 -834.055)\"><\/path><\/svg>\t\t\t\t\t\t<\/span>\n\t\t\t\t\t\t\t\t\t\t<span class=\"elementor-icon-list-text\">Guldborgsund<\/span>\n\t\t\t\t\t\t\t\t\t\t\t<\/a>\n\t\t\t\t\t\t\t\t\t<\/li>\n\t\t\t\t\t\t\t\t<li class=\"elementor-icon-list-item elementor-inline-item\">\n\t\t\t\t\t\t\t\t\t\t\t<a href=\"\/kontorer\/vordingborg\/\">\n\n\t\t\t\t\t\t\t\t\t\t\t\t<span class=\"elementor-icon-list-icon\">\n\t\t\t\t\t\t\t<svg xmlns=\"http:\/\/www.w3.org\/2000\/svg\" width=\"173.606\" height=\"159.339\" viewBox=\"0 0 173.606 159.339\"><defs><style>.a{fill:#fff;}<\/style><\/defs><path class=\"a\" d=\"M739.734,970.056a79.679,79.679,0,1,1,0-112.663c54.241,54.2,45.713,66.969,0,112.663\" transform=\"translate(-603.679 -834.055)\"><\/path><\/svg>\t\t\t\t\t\t<\/span>\n\t\t\t\t\t\t\t\t\t\t<span class=\"elementor-icon-list-text\">Vordingborg<\/span>\n\t\t\t\t\t\t\t\t\t\t\t<\/a>\n\t\t\t\t\t\t\t\t\t<\/li>\n\t\t\t\t\t\t\t\t<li class=\"elementor-icon-list-item elementor-inline-item\">\n\t\t\t\t\t\t\t\t\t\t\t<a href=\"\/kontorer\/faxe\">\n\n\t\t\t\t\t\t\t\t\t\t\t\t<span class=\"elementor-icon-list-icon\">\n\t\t\t\t\t\t\t<svg xmlns=\"http:\/\/www.w3.org\/2000\/svg\" width=\"173.606\" height=\"159.339\" viewBox=\"0 0 173.606 159.339\"><defs><style>.a{fill:#fff;}<\/style><\/defs><path class=\"a\" d=\"M739.734,970.056a79.679,79.679,0,1,1,0-112.663c54.241,54.2,45.713,66.969,0,112.663\" transform=\"translate(-603.679 -834.055)\"><\/path><\/svg>\t\t\t\t\t\t<\/span>\n\t\t\t\t\t\t\t\t\t\t<span class=\"elementor-icon-list-text\">Faxe<\/span>\n\t\t\t\t\t\t\t\t\t\t\t<\/a>\n\t\t\t\t\t\t\t\t\t<\/li>\n\t\t\t\t\t\t<\/ul>\n\t\t\t\t\t\t<\/div>\n\t\t\t\t<\/div>\n\t\t\t\t<div class=\"elementor-element elementor-element-528fe00 elementor-icon-list--layout-inline elementor-align-center elementor-list-item-link-full_width elementor-widget elementor-widget-icon-list\" data-id=\"528fe00\" data-element_type=\"widget\" data-e-type=\"widget\" data-settings=\"{&quot;_animation&quot;:&quot;none&quot;,&quot;_animation_delay&quot;:400}\" data-widget_type=\"icon-list.default\">\n\t\t\t\t<div class=\"elementor-widget-container\">\n\t\t\t\t\t\t\t<ul class=\"elementor-icon-list-items elementor-inline-items\">\n\t\t\t\t\t\t\t<li class=\"elementor-icon-list-item elementor-inline-item\">\n\t\t\t\t\t\t\t\t\t\t\t<a href=\"\/kontorer\/lolland\">\n\n\t\t\t\t\t\t\t\t\t\t\t\t<span class=\"elementor-icon-list-icon\">\n\t\t\t\t\t\t\t<svg xmlns=\"http:\/\/www.w3.org\/2000\/svg\" width=\"173.606\" height=\"159.339\" viewBox=\"0 0 173.606 159.339\"><defs><style>.a{fill:#fff;}<\/style><\/defs><path class=\"a\" d=\"M739.734,970.056a79.679,79.679,0,1,1,0-112.663c54.241,54.2,45.713,66.969,0,112.663\" transform=\"translate(-603.679 -834.055)\"><\/path><\/svg>\t\t\t\t\t\t<\/span>\n\t\t\t\t\t\t\t\t\t\t<span class=\"elementor-icon-list-text\">Lolland<\/span>\n\t\t\t\t\t\t\t\t\t\t\t<\/a>\n\t\t\t\t\t\t\t\t\t<\/li>\n\t\t\t\t\t\t\t\t<li class=\"elementor-icon-list-item elementor-inline-item\">\n\t\t\t\t\t\t\t\t\t\t\t<a href=\"\/kontorer\/koege\">\n\n\t\t\t\t\t\t\t\t\t\t\t\t<span class=\"elementor-icon-list-icon\">\n\t\t\t\t\t\t\t<svg xmlns=\"http:\/\/www.w3.org\/2000\/svg\" width=\"173.606\" height=\"159.339\" viewBox=\"0 0 173.606 159.339\"><defs><style>.a{fill:#fff;}<\/style><\/defs><path class=\"a\" d=\"M739.734,970.056a79.679,79.679,0,1,1,0-112.663c54.241,54.2,45.713,66.969,0,112.663\" transform=\"translate(-603.679 -834.055)\"><\/path><\/svg>\t\t\t\t\t\t<\/span>\n\t\t\t\t\t\t\t\t\t\t<span class=\"elementor-icon-list-text\">K\u00f8ge<\/span>\n\t\t\t\t\t\t\t\t\t\t\t<\/a>\n\t\t\t\t\t\t\t\t\t<\/li>\n\t\t\t\t\t\t<\/ul>\n\t\t\t\t\t\t<\/div>\n\t\t\t\t<\/div>\n\t\t\t\t\t<\/div>\n\t\t<\/div>\n\t\t\t\t\t<\/div>\n\t\t<\/section>\n\t\t\t\t<\/div>\n\t\t","protected":false},"excerpt":{"rendered":"<p>V\u00e6lg en kommune for at finde vej Guldborgsund Vordingborg Faxe Lolland K\u00f8ge<\/p>","protected":false},"author":1,"featured_media":0,"parent":0,"menu_order":0,"comment_status":"closed","ping_status":"closed","template":"elementor_header_footer","meta":{"footnotes":""},"class_list":["post-200","page","type-page","status-publish"],"yoast_head":"<!-- This site is optimized with the Yoast SEO plugin v27.2 - https:\/\/yoast.com\/product\/yoast-seo-wordpress\/ -->\n<title>Vores Kontorer. - Provi<\/title>\n<meta name=\"description\" content=\"Provi har kontor i Nakskov, Nyk\u00f8bing Falster og Vordingborg. Her kan du f\u00e5 hj\u00e6lp til at find vej og se yderligere oplysninger om kontorene.\" \/>\n<meta name=\"robots\" content=\"index, follow, max-snippet:-1, max-image-preview:large, max-video-preview:-1\" \/>\n<link rel=\"canonical\" href=\"https:\/\/provi.dk\/en\/kontorer\/\" \/>\n<meta property=\"og:locale\" content=\"en_US\" \/>\n<meta property=\"og:type\" content=\"article\" \/>\n<meta property=\"og:title\" content=\"Vores Kontorer. - Provi\" \/>\n<meta property=\"og:description\" content=\"Provi har kontor i Nakskov, Nyk\u00f8bing Falster og Vordingborg. Her kan du f\u00e5 hj\u00e6lp til at find vej og se yderligere oplysninger om kontorene.\" \/>\n<meta property=\"og:url\" content=\"https:\/\/provi.dk\/en\/kontorer\/\" \/>\n<meta property=\"og:site_name\" content=\"Provi\" \/>\n<meta property=\"article:publisher\" content=\"https:\/\/www.facebook.com\/Provi.dk\/\" \/>\n<meta property=\"article:modified_time\" content=\"2026-03-02T15:26:44+00:00\" \/>\n<meta property=\"og:image\" content=\"https:\/\/provi.dk\/wp-content\/uploads\/2023\/04\/Provi_logo_facebook-e1681288362905.png\" \/>\n\t<meta property=\"og:image:width\" content=\"492\" \/>\n\t<meta property=\"og:image:height\" content=\"249\" \/>\n\t<meta property=\"og:image:type\" content=\"image\/png\" \/>\n<meta name=\"twitter:card\" content=\"summary_large_image\" \/>\n<meta name=\"twitter:label1\" content=\"Est. reading time\" \/>\n\t<meta name=\"twitter:data1\" content=\"1 minute\" \/>\n<script type=\"application\/ld+json\" class=\"yoast-schema-graph\">{\"@context\":\"https:\/\/schema.org\",\"@graph\":[{\"@type\":\"WebPage\",\"@id\":\"https:\/\/provi.dk\/kontorer\/\",\"url\":\"https:\/\/provi.dk\/kontorer\/\",\"name\":\"Vores Kontorer. - Provi\",\"isPartOf\":{\"@id\":\"https:\/\/provi.dk\/#website\"},\"primaryImageOfPage\":{\"@id\":\"https:\/\/provi.dk\/kontorer\/#primaryimage\"},\"image\":{\"@id\":\"https:\/\/provi.dk\/kontorer\/#primaryimage\"},\"thumbnailUrl\":\"https:\/\/provi.dk\/wp-content\/uploads\/2021\/07\/Path-57.svg\",\"datePublished\":\"2021-07-07T13:22:01+00:00\",\"dateModified\":\"2026-03-02T15:26:44+00:00\",\"description\":\"Provi har kontor i Nakskov, Nyk\u00f8bing Falster og Vordingborg. Her kan du f\u00e5 hj\u00e6lp til at find vej og se yderligere oplysninger om kontorene.\",\"breadcrumb\":{\"@id\":\"https:\/\/provi.dk\/kontorer\/#breadcrumb\"},\"inLanguage\":\"en-US\",\"potentialAction\":[{\"@type\":\"ReadAction\",\"target\":[\"https:\/\/provi.dk\/kontorer\/\"]}]},{\"@type\":\"ImageObject\",\"inLanguage\":\"en-US\",\"@id\":\"https:\/\/provi.dk\/kontorer\/#primaryimage\",\"url\":\"https:\/\/provi.dk\/wp-content\/uploads\/2021\/07\/Path-57.svg\",\"contentUrl\":\"https:\/\/provi.dk\/wp-content\/uploads\/2021\/07\/Path-57.svg\"},{\"@type\":\"BreadcrumbList\",\"@id\":\"https:\/\/provi.dk\/kontorer\/#breadcrumb\",\"itemListElement\":[{\"@type\":\"ListItem\",\"position\":1,\"name\":\"Hjem\",\"item\":\"https:\/\/provi.dk\/\"},{\"@type\":\"ListItem\",\"position\":2,\"name\":\"Kontorer.\"}]},{\"@type\":\"WebSite\",\"@id\":\"https:\/\/provi.dk\/#website\",\"url\":\"https:\/\/provi.dk\/\",\"name\":\"Provi\",\"description\":\"Sammen kan vi mere\",\"publisher\":{\"@id\":\"https:\/\/provi.dk\/#organization\"},\"potentialAction\":[{\"@type\":\"SearchAction\",\"target\":{\"@type\":\"EntryPoint\",\"urlTemplate\":\"https:\/\/provi.dk\/?s={search_term_string}\"},\"query-input\":{\"@type\":\"PropertyValueSpecification\",\"valueRequired\":true,\"valueName\":\"search_term_string\"}}],\"inLanguage\":\"en-US\"},{\"@type\":\"Organization\",\"@id\":\"https:\/\/provi.dk\/#organization\",\"name\":\"Provi ApS\",\"url\":\"https:\/\/provi.dk\/\",\"logo\":{\"@type\":\"ImageObject\",\"inLanguage\":\"en-US\",\"@id\":\"https:\/\/provi.dk\/#\/schema\/logo\/image\/\",\"url\":\"https:\/\/provi.dk\/wp-content\/uploads\/2023\/04\/Provi_logo_facebook-e1681288362905.png\",\"contentUrl\":\"https:\/\/provi.dk\/wp-content\/uploads\/2023\/04\/Provi_logo_facebook-e1681288362905.png\",\"width\":492,\"height\":249,\"caption\":\"Provi ApS\"},\"image\":{\"@id\":\"https:\/\/provi.dk\/#\/schema\/logo\/image\/\"},\"sameAs\":[\"https:\/\/www.facebook.com\/Provi.dk\/\",\"https:\/\/www.instagram.com\/provi.dk\/\",\"https:\/\/www.linkedin.com\/company\/provi-aps\/\",\"https:\/\/www.youtube.com\/channel\/UCAPPSj648phR5x5houRupJQ\"]}]}<\/script>\n<!-- \/ Yoast SEO plugin. -->","yoast_head_json":{"title":"Vores Kontorer. - Provi","description":"Provi har kontor i Nakskov, Nyk\u00f8bing Falster og Vordingborg. Her kan du f\u00e5 hj\u00e6lp til at find vej og se yderligere oplysninger om kontorene.","robots":{"index":"index","follow":"follow","max-snippet":"max-snippet:-1","max-image-preview":"max-image-preview:large","max-video-preview":"max-video-preview:-1"},"canonical":"https:\/\/provi.dk\/en\/kontorer\/","og_locale":"en_US","og_type":"article","og_title":"Vores Kontorer. - Provi","og_description":"Provi har kontor i Nakskov, Nyk\u00f8bing Falster og Vordingborg. Her kan du f\u00e5 hj\u00e6lp til at find vej og se yderligere oplysninger om kontorene.","og_url":"https:\/\/provi.dk\/en\/kontorer\/","og_site_name":"Provi","article_publisher":"https:\/\/www.facebook.com\/Provi.dk\/","article_modified_time":"2026-03-02T15:26:44+00:00","og_image":[{"width":492,"height":249,"url":"https:\/\/provi.dk\/wp-content\/uploads\/2023\/04\/Provi_logo_facebook-e1681288362905.png","type":"image\/png"}],"twitter_card":"summary_large_image","twitter_misc":{"Est. reading time":"1 minute"},"schema":{"@context":"https:\/\/schema.org","@graph":[{"@type":"WebPage","@id":"https:\/\/provi.dk\/kontorer\/","url":"https:\/\/provi.dk\/kontorer\/","name":"Vores Kontorer. - Provi","isPartOf":{"@id":"https:\/\/provi.dk\/#website"},"primaryImageOfPage":{"@id":"https:\/\/provi.dk\/kontorer\/#primaryimage"},"image":{"@id":"https:\/\/provi.dk\/kontorer\/#primaryimage"},"thumbnailUrl":"https:\/\/provi.dk\/wp-content\/uploads\/2021\/07\/Path-57.svg","datePublished":"2021-07-07T13:22:01+00:00","dateModified":"2026-03-02T15:26:44+00:00","description":"Provi har kontor i Nakskov, Nyk\u00f8bing Falster og Vordingborg. Her kan du f\u00e5 hj\u00e6lp til at find vej og se yderligere oplysninger om kontorene.","breadcrumb":{"@id":"https:\/\/provi.dk\/kontorer\/#breadcrumb"},"inLanguage":"en-US","potentialAction":[{"@type":"ReadAction","target":["https:\/\/provi.dk\/kontorer\/"]}]},{"@type":"ImageObject","inLanguage":"en-US","@id":"https:\/\/provi.dk\/kontorer\/#primaryimage","url":"https:\/\/provi.dk\/wp-content\/uploads\/2021\/07\/Path-57.svg","contentUrl":"https:\/\/provi.dk\/wp-content\/uploads\/2021\/07\/Path-57.svg"},{"@type":"BreadcrumbList","@id":"https:\/\/provi.dk\/kontorer\/#breadcrumb","itemListElement":[{"@type":"ListItem","position":1,"name":"Hjem","item":"https:\/\/provi.dk\/"},{"@type":"ListItem","position":2,"name":"Kontorer."}]},{"@type":"WebSite","@id":"https:\/\/provi.dk\/#website","url":"https:\/\/provi.dk\/","name":"Provi","description":"Together We Can Do More.","publisher":{"@id":"https:\/\/provi.dk\/#organization"},"potentialAction":[{"@type":"SearchAction","target":{"@type":"EntryPoint","urlTemplate":"https:\/\/provi.dk\/?s={search_term_string}"},"query-input":{"@type":"PropertyValueSpecification","valueRequired":true,"valueName":"search_term_string"}}],"inLanguage":"en-US"},{"@type":"Organization","@id":"https:\/\/provi.dk\/#organization","name":"Provi ApS","url":"https:\/\/provi.dk\/","logo":{"@type":"ImageObject","inLanguage":"en-US","@id":"https:\/\/provi.dk\/#\/schema\/logo\/image\/","url":"https:\/\/provi.dk\/wp-content\/uploads\/2023\/04\/Provi_logo_facebook-e1681288362905.png","contentUrl":"https:\/\/provi.dk\/wp-content\/uploads\/2023\/04\/Provi_logo_facebook-e1681288362905.png","width":492,"height":249,"caption":"Provi ApS"},"image":{"@id":"https:\/\/provi.dk\/#\/schema\/logo\/image\/"},"sameAs":["https:\/\/www.facebook.com\/Provi.dk\/","https:\/\/www.instagram.com\/provi.dk\/","https:\/\/www.linkedin.com\/company\/provi-aps\/","https:\/\/www.youtube.com\/channel\/UCAPPSj648phR5x5houRupJQ"]}]}},"_links":{"self":[{"href":"https:\/\/provi.dk\/en\/wp-json\/wp\/v2\/pages\/200","targetHints":{"allow":["GET"]}}],"collection":[{"href":"https:\/\/provi.dk\/en\/wp-json\/wp\/v2\/pages"}],"about":[{"href":"https:\/\/provi.dk\/en\/wp-json\/wp\/v2\/types\/page"}],"author":[{"embeddable":true,"href":"https:\/\/provi.dk\/en\/wp-json\/wp\/v2\/users\/1"}],"replies":[{"embeddable":true,"href":"https:\/\/provi.dk\/en\/wp-json\/wp\/v2\/comments?post=200"}],"version-history":[{"count":17,"href":"https:\/\/provi.dk\/en\/wp-json\/wp\/v2\/pages\/200\/revisions"}],"predecessor-version":[{"id":15880,"href":"https:\/\/provi.dk\/en\/wp-json\/wp\/v2\/pages\/200\/revisions\/15880"}],"wp:attachment":[{"href":"https:\/\/provi.dk\/en\/wp-json\/wp\/v2\/media?parent=200"}],"curies":[{"name":"wp","href":"https:\/\/api.w.org\/{rel}","templated":true}]}}